{"id":145,"date":"2021-07-29T08:02:13","date_gmt":"2021-07-29T08:02:13","guid":{"rendered":"https:\/\/trisavo.net\/?page_id=145"},"modified":"2024-06-01T12:57:17","modified_gmt":"2024-06-01T12:57:17","slug":"impressum","status":"publish","type":"page","link":"https:\/\/www.trisavo.com\/en\/impressum\/","title":{"rendered":"Legal Notice"},"content":{"rendered":"<div data-elementor-type=\"wp-page\" data-elementor-id=\"145\" class=\"elementor elementor-145\" data-elementor-post-type=\"page\">\n\t\t\t\t\t\t<section class=\"elementor-section elementor-top-section elementor-element elementor-element-85d1faf elementor-section-boxed elementor-section-height-default elementor-section-height-default\" data-id=\"85d1faf\" data-element_type=\"section\" data-e-type=\"section\">\n\t\t\t\t\t\t<div class=\"elementor-container elementor-column-gap-default\">\n\t\t\t\t\t<div class=\"elementor-column elementor-col-100 elementor-top-column elementor-element elementor-element-e17252f\" data-id=\"e17252f\" data-element_type=\"column\" data-e-type=\"column\">\n\t\t\t<div class=\"elementor-widget-wrap elementor-element-populated\">\n\t\t\t\t\t\t<div class=\"elementor-element elementor-element-4cdb3b7 elementor-widget elementor-widget-heading\" data-id=\"4cdb3b7\" data-element_type=\"widget\" data-e-type=\"widget\" data-widget_type=\"heading.default\">\n\t\t\t\t<div class=\"elementor-widget-container\">\n\t\t\t\t\t<h4 class=\"elementor-heading-title elementor-size-default\">Address<\/h4>\t\t\t\t<\/div>\n\t\t\t\t<\/div>\n\t\t\t\t<div class=\"elementor-element elementor-element-8a8c2a2 elementor-widget elementor-widget-text-editor\" data-id=\"8a8c2a2\" data-element_type=\"widget\" data-e-type=\"widget\" data-widget_type=\"text-editor.default\">\n\t\t\t\t<div class=\"elementor-widget-container\">\n\t\t\t\t\t\t\t\t\t<p>TRISAVO GmbH<br \/>Industriestrasse 2a<br \/>D-67063 Ludwigshafen<\/p>\t\t\t\t\t\t\t\t<\/div>\n\t\t\t\t<\/div>\n\t\t\t\t<div class=\"elementor-element elementor-element-ee7c815 elementor-widget elementor-widget-heading\" data-id=\"ee7c815\" data-element_type=\"widget\" data-e-type=\"widget\" data-widget_type=\"heading.default\">\n\t\t\t\t<div class=\"elementor-widget-container\">\n\t\t\t\t\t<h4 class=\"elementor-heading-title elementor-size-default\">Contact<\/h4>\t\t\t\t<\/div>\n\t\t\t\t<\/div>\n\t\t\t\t<div class=\"elementor-element elementor-element-ac9e134 elementor-widget elementor-widget-text-editor\" data-id=\"ac9e134\" data-element_type=\"widget\" data-e-type=\"widget\" data-widget_type=\"text-editor.default\">\n\t\t\t\t<div class=\"elementor-widget-container\">\n\t\t\t\t\t\t\t\t\t<p>Phone +49 (0) 621 5490 1934<br \/>Fax +49 (0) 621 5490 265<br \/>Email: info@trisavo.com<\/p>\t\t\t\t\t\t\t\t<\/div>\n\t\t\t\t<\/div>\n\t\t\t\t<div class=\"elementor-element elementor-element-df1402d elementor-widget elementor-widget-heading\" data-id=\"df1402d\" data-element_type=\"widget\" data-e-type=\"widget\" data-widget_type=\"heading.default\">\n\t\t\t\t<div class=\"elementor-widget-container\">\n\t\t\t\t\t<h4 class=\"elementor-heading-title elementor-size-default\">Responsible for content according to \u00a7 18 para. 2 MStV<\/h4>\t\t\t\t<\/div>\n\t\t\t\t<\/div>\n\t\t\t\t<div class=\"elementor-element elementor-element-e423860 elementor-widget elementor-widget-text-editor\" data-id=\"e423860\" data-element_type=\"widget\" data-e-type=\"widget\" data-widget_type=\"text-editor.default\">\n\t\t\t\t<div class=\"elementor-widget-container\">\n\t\t\t\t\t\t\t\t\t<p>Robert Kulesa<br \/>Trisavo GmbH<br \/>Industriestrasse 2a<br \/>67063 Ludwigshafen<\/p>\t\t\t\t\t\t\t\t<\/div>\n\t\t\t\t<\/div>\n\t\t\t\t<div class=\"elementor-element elementor-element-fd7264f elementor-widget elementor-widget-heading\" data-id=\"fd7264f\" data-element_type=\"widget\" data-e-type=\"widget\" data-widget_type=\"heading.default\">\n\t\t\t\t<div class=\"elementor-widget-container\">\n\t\t\t\t\t<h4 class=\"elementor-heading-title elementor-size-default\">Managing Director<\/h4>\t\t\t\t<\/div>\n\t\t\t\t<\/div>\n\t\t\t\t<div class=\"elementor-element elementor-element-89b8da3 elementor-widget elementor-widget-text-editor\" data-id=\"89b8da3\" data-element_type=\"widget\" data-e-type=\"widget\" data-widget_type=\"text-editor.default\">\n\t\t\t\t<div class=\"elementor-widget-container\">\n\t\t\t\t\t\t\t\t\tRobert Kulesa\t\t\t\t\t\t\t\t<\/div>\n\t\t\t\t<\/div>\n\t\t\t\t<div class=\"elementor-element elementor-element-271d944 elementor-widget elementor-widget-heading\" data-id=\"271d944\" data-element_type=\"widget\" data-e-type=\"widget\" data-widget_type=\"heading.default\">\n\t\t\t\t<div class=\"elementor-widget-container\">\n\t\t\t\t\t<h4 class=\"elementor-heading-title elementor-size-default\">Advisory Board<\/h4>\t\t\t\t<\/div>\n\t\t\t\t<\/div>\n\t\t\t\t<div class=\"elementor-element elementor-element-8ab8243 elementor-widget elementor-widget-text-editor\" data-id=\"8ab8243\" data-element_type=\"widget\" data-e-type=\"widget\" data-widget_type=\"text-editor.default\">\n\t\t\t\t<div class=\"elementor-widget-container\">\n\t\t\t\t\t\t\t\t\t<p>Frank Ratzlaff, Managing Director MD Medicus Holding GmbH<br \/>Thomas Dillon, Managing Director of A3M Global Monitoring GmbH<br \/>Axel Wochinger, Managing Director Result Group GmbH<\/p>\t\t\t\t\t\t\t\t<\/div>\n\t\t\t\t<\/div>\n\t\t\t\t<div class=\"elementor-element elementor-element-86605d7 elementor-widget elementor-widget-heading\" data-id=\"86605d7\" data-element_type=\"widget\" data-e-type=\"widget\" data-widget_type=\"heading.default\">\n\t\t\t\t<div class=\"elementor-widget-container\">\n\t\t\t\t\t<h4 class=\"elementor-heading-title elementor-size-default\">Commercial register<\/h4>\t\t\t\t<\/div>\n\t\t\t\t<\/div>\n\t\t\t\t<div class=\"elementor-element elementor-element-e031579 elementor-widget elementor-widget-text-editor\" data-id=\"e031579\" data-element_type=\"widget\" data-e-type=\"widget\" data-widget_type=\"text-editor.default\">\n\t\t\t\t<div class=\"elementor-widget-container\">\n\t\t\t\t\t\t\t\t\t<p>Ludwigshafen on the Rhine<br \/>HRB 60805<\/p>\t\t\t\t\t\t\t\t<\/div>\n\t\t\t\t<\/div>\n\t\t\t\t<div class=\"elementor-element elementor-element-16eb10f elementor-widget elementor-widget-heading\" data-id=\"16eb10f\" data-element_type=\"widget\" data-e-type=\"widget\" data-widget_type=\"heading.default\">\n\t\t\t\t<div class=\"elementor-widget-container\">\n\t\t\t\t\t<h4 class=\"elementor-heading-title elementor-size-default\">Tax ID<\/h4>\t\t\t\t<\/div>\n\t\t\t\t<\/div>\n\t\t\t\t<div class=\"elementor-element elementor-element-1059bbe elementor-widget elementor-widget-text-editor\" data-id=\"1059bbe\" data-element_type=\"widget\" data-e-type=\"widget\" data-widget_type=\"text-editor.default\">\n\t\t\t\t<div class=\"elementor-widget-container\">\n\t\t\t\t\t\t\t\t\tVAT ID no. DE 255323236\t\t\t\t\t\t\t\t<\/div>\n\t\t\t\t<\/div>\n\t\t\t\t<div class=\"elementor-element elementor-element-fd2f1ff elementor-widget elementor-widget-heading\" data-id=\"fd2f1ff\" data-element_type=\"widget\" data-e-type=\"widget\" data-widget_type=\"heading.default\">\n\t\t\t\t<div class=\"elementor-widget-container\">\n\t\t\t\t\t<h4 class=\"elementor-heading-title elementor-size-default\">Dispute settlement<\/h4>\t\t\t\t<\/div>\n\t\t\t\t<\/div>\n\t\t\t\t<div class=\"elementor-element elementor-element-39ad4f2 elementor-widget elementor-widget-text-editor\" data-id=\"39ad4f2\" data-element_type=\"widget\" data-e-type=\"widget\" data-widget_type=\"text-editor.default\">\n\t\t\t\t<div class=\"elementor-widget-container\">\n\t\t\t\t\t\t\t\t\t<p>With the Consumer Dispute Settlement Act (VBSG), the legislator has created an alternative way of settling a consumer dispute, i.e. a dispute in which you as a consumer and we as an entrepreneur are involved, outside of regular court proceedings in a dispute settlement procedure before an arbitration board.<\/p><p>TRISAVO GmbH is neither legally obliged nor willing to participate in a dispute settlement procedure before the consumer arbitration board.<\/p><p>Regardless of this, according to \u00a7 37 VSBG, TRISAVO GmbH is obliged to inform you after a dispute has arisen which arbitration body would be responsible if we were to participate in the dispute settlement procedure. We are fulfilling this obligation in advance. The responsible consumer arbitration board is:<\/p><p>General consumer arbitration board of the Center for Arbitration eV<br \/>Strasbourg Str. 8<br \/>77694 Kehl<\/p><p><a href=\"https:\/\/www.verbraucher-schlichter.de\" target=\"_blank\" rel=\"noopener\">www.verbrauch-schlichter.de<\/a><\/p>\t\t\t\t\t\t\t\t<\/div>\n\t\t\t\t<\/div>\n\t\t\t\t<div class=\"elementor-element elementor-element-5eeb996 elementor-widget elementor-widget-heading\" data-id=\"5eeb996\" data-element_type=\"widget\" data-e-type=\"widget\" data-widget_type=\"heading.default\">\n\t\t\t\t<div class=\"elementor-widget-container\">\n\t\t\t\t\t<h4 class=\"elementor-heading-title elementor-size-default\">Liability notice<\/h4>\t\t\t\t<\/div>\n\t\t\t\t<\/div>\n\t\t\t\t<div class=\"elementor-element elementor-element-570af04 elementor-widget elementor-widget-text-editor\" data-id=\"570af04\" data-element_type=\"widget\" data-e-type=\"widget\" data-widget_type=\"text-editor.default\">\n\t\t\t\t<div class=\"elementor-widget-container\">\n\t\t\t\t\t\t\t\t\t<p>Despite careful content control, we assume no liability for the content of external links. The operators of the linked pages are solely responsible for their content. The data published here are protected by copyright. No liability is accepted for errors in the text and incorrect links. Advertisements on external websites as well as reproduction is prohibited without written permission.<\/p><p>Please see our <a href=\"\/en\/datenschutz\/\">Privacy Policy<\/a>.<\/p>\t\t\t\t\t\t\t\t<\/div>\n\t\t\t\t<\/div>\n\t\t\t\t<div class=\"elementor-element elementor-element-e6ba173 elementor-widget elementor-widget-heading\" data-id=\"e6ba173\" data-element_type=\"widget\" data-e-type=\"widget\" data-widget_type=\"heading.default\">\n\t\t\t\t<div class=\"elementor-widget-container\">\n\t\t\t\t\t<h4 class=\"elementor-heading-title elementor-size-default\">layout<\/h4>\t\t\t\t<\/div>\n\t\t\t\t<\/div>\n\t\t\t\t<div class=\"elementor-element elementor-element-87e6e9c elementor-widget elementor-widget-text-editor\" data-id=\"87e6e9c\" data-element_type=\"widget\" data-e-type=\"widget\" data-widget_type=\"text-editor.default\">\n\t\t\t\t<div class=\"elementor-widget-container\">\n\t\t\t\t\t\t\t\t\t<p><a href=\"https:\/\/limstyle.de\" target=\"_blank\" rel=\"noopener\">limstyle web design<\/a>, Dornbirn<\/p>\t\t\t\t\t\t\t\t<\/div>\n\t\t\t\t<\/div>\n\t\t\t\t\t<\/div>\n\t\t<\/div>\n\t\t\t\t\t<\/div>\n\t\t<\/section>\n\t\t\t\t<section class=\"elementor-section elementor-top-section elementor-element elementor-element-318f328 elementor-section-boxed elementor-section-height-default elementor-section-height-default\" data-id=\"318f328\" data-element_type=\"section\" data-e-type=\"section\">\n\t\t\t\t\t\t<div class=\"elementor-container elementor-column-gap-default\">\n\t\t\t\t\t<div class=\"elementor-column elementor-col-100 elementor-top-column elementor-element elementor-element-2c0972d\" data-id=\"2c0972d\" data-element_type=\"column\" data-e-type=\"column\">\n\t\t\t<div class=\"elementor-widget-wrap elementor-element-populated\">\n\t\t\t\t\t\t<div class=\"elementor-element elementor-element-3c238e4 elementor-widget elementor-widget-heading\" data-id=\"3c238e4\" data-element_type=\"widget\" data-e-type=\"widget\" data-widget_type=\"heading.default\">\n\t\t\t\t<div class=\"elementor-widget-container\">\n\t\t\t\t\t<h4 class=\"elementor-heading-title elementor-size-default\">Credits for images \/ image sources used<br><\/h4>\t\t\t\t<\/div>\n\t\t\t\t<\/div>\n\t\t\t\t<div class=\"elementor-element elementor-element-28d0790 elementor-widget elementor-widget-heading\" data-id=\"28d0790\" data-element_type=\"widget\" data-e-type=\"widget\" data-widget_type=\"heading.default\">\n\t\t\t\t<div class=\"elementor-widget-container\">\n\t\t\t\t\t<h4 class=\"elementor-heading-title elementor-size-default\">Adobe Stock Photo<\/h4>\t\t\t\t<\/div>\n\t\t\t\t<\/div>\n\t\t\t\t<div class=\"elementor-element elementor-element-c1a8722 elementor-widget elementor-widget-text-editor\" data-id=\"c1a8722\" data-element_type=\"widget\" data-e-type=\"widget\" data-widget_type=\"text-editor.default\">\n\t\t\t\t<div class=\"elementor-widget-container\">\n\t\t\t\t\t\t\t\t\t<p>75135758 Internet, Julien Eichinger<\/p><p>88806113 Young adult using laptop in airport lounge, NicoElNino<\/p><p>255504993 Commercial hand model, elnariz<\/p><p>320767559 Report rating app, NicElNino<\/p><p>330471142 Epidemic infectious diseas\u2026, NicoElNino<\/p><p>332475691 The concept of global health car, natali_mis<\/p><p>332773784 Gorgeous caucasion\u2026, Strelciuc<\/p><p>332969657 Patient doctor online consultation, Rido<\/p><p>342120106 Doctor shows global health care, natali_mis<\/p><p>343779107 Health and Safety Concept, duncanandison<\/p><p>396058860 Medical Online Video Conference with doctor, Andrey Popov<\/p><p>420700527 Young lady and her partner standing in front of a hotel, Yakobchuk Olena<\/p>\t\t\t\t\t\t\t\t<\/div>\n\t\t\t\t<\/div>\n\t\t\t\t<div class=\"elementor-element elementor-element-9705e7f elementor-widget elementor-widget-heading\" data-id=\"9705e7f\" data-element_type=\"widget\" data-e-type=\"widget\" data-widget_type=\"heading.default\">\n\t\t\t\t<div class=\"elementor-widget-container\">\n\t\t\t\t\t<h4 class=\"elementor-heading-title elementor-size-default\">iStockphoto Essentials<\/h4>\t\t\t\t<\/div>\n\t\t\t\t<\/div>\n\t\t\t\t<div class=\"elementor-element elementor-element-2bbf43b elementor-widget elementor-widget-text-editor\" data-id=\"2bbf43b\" data-element_type=\"widget\" data-e-type=\"widget\" data-widget_type=\"text-editor.default\">\n\t\t\t\t<div class=\"elementor-widget-container\">\n\t\t\t\t\t\t\t\t\t<p><span style=\"color: var( --e-global-color-text ); font-family: var( --e-global-typography-text-font-family ), Sans-serif; font-weight: var( --e-global-typography-text-font-weight );\">472865584 Rescue Helicopter, Khlongwangchao<\/span><\/p><p>506316198 all Businessman in headset, Shironosov<\/p><p>1140845355 Businessman holding a symbil, ismagilov<\/p>\t\t\t\t\t\t\t\t<\/div>\n\t\t\t\t<\/div>\n\t\t\t\t<div class=\"elementor-element elementor-element-a0ab445 elementor-widget elementor-widget-heading\" data-id=\"a0ab445\" data-element_type=\"widget\" data-e-type=\"widget\" data-widget_type=\"heading.default\">\n\t\t\t\t<div class=\"elementor-widget-container\">\n\t\t\t\t\t<h4 class=\"elementor-heading-title elementor-size-default\">Photos TRISAVO partners<\/h4>\t\t\t\t<\/div>\n\t\t\t\t<\/div>\n\t\t\t\t<div class=\"elementor-element elementor-element-f3b9ef0 elementor-widget elementor-widget-text-editor\" data-id=\"f3b9ef0\" data-element_type=\"widget\" data-e-type=\"widget\" data-widget_type=\"text-editor.default\">\n\t\t\t\t<div class=\"elementor-widget-container\">\n\t\t\t\t\t\t\t\t\t<p>Crisis Management Office www.result-group.com<\/p><p>Training situation www.result-group.com<\/p><p>Security Assistance Axel Wochinger, Rene R\u00fchl www.result-group.com<\/p><p>Security Assistance Corporate Security Solutions Kidnap Ransomware www.result-group.com<\/p><p>Travel Assistance maps, banner www.global-monitoring.com<\/p><p>Canva mockup hand, Result Group Nicole Stern<\/p><p>\u00a0<\/p>\t\t\t\t\t\t\t\t<\/div>\n\t\t\t\t<\/div>\n\t\t\t\t\t<\/div>\n\t\t<\/div>\n\t\t\t\t\t<\/div>\n\t\t<\/section>\n\t\t\t\t<\/div>","protected":false},"excerpt":{"rendered":"<p>Adresse TRISAVO GmbHIndustriestrasse 2aD-67063 Ludwigshafen Kontakt Fon +49 (0) 621 5490 1934Fax +49 (0) 621 5490 265E-Mail: info@trisavo.com Inhaltlich verantwortlich gem\u00e4\u00df \u00a7 18 Abs. 2 MStV Robert KulesaTrisavo GmbHIndustriestra\u00dfe 2a67063 Ludwigshafen Gesch\u00e4ftsf\u00fchrer Robert Kulesa Beirat Frank Ratzlaff, Gesch\u00e4ftsf\u00fchrer MD Medicus Holding GmbHThomas Dillon, Gesch\u00e4ftsf\u00fchrer A3M Global Monitoring GmbHAxel Wochinger, Gesch\u00e4ftsf\u00fchrer Result Group GmbH Handelsregister Ludwigshafen [&hellip;]<\/p>\n","protected":false},"author":1,"featured_media":73,"parent":0,"menu_order":0,"comment_status":"closed","ping_status":"closed","template":"","meta":{"_seopress_robots_primary_cat":"","_seopress_titles_title":"","_seopress_titles_desc":"Wichtige Pflichtinformationen, dar\u00fcber, wer wir sind und wer f\u00fcr die Website inhaltlich verantwortlich ist.","_seopress_robots_index":"","_seopress_analysis_target_kw":"","footnotes":""},"class_list":["post-145","page","type-page","status-publish","has-post-thumbnail","hentry"],"_links":{"self":[{"href":"https:\/\/www.trisavo.com\/en\/wp-json\/wp\/v2\/pages\/145","targetHints":{"allow":["GET"]}}],"collection":[{"href":"https:\/\/www.trisavo.com\/en\/wp-json\/wp\/v2\/pages"}],"about":[{"href":"https:\/\/www.trisavo.com\/en\/wp-json\/wp\/v2\/types\/page"}],"author":[{"embeddable":true,"href":"https:\/\/www.trisavo.com\/en\/wp-json\/wp\/v2\/users\/1"}],"replies":[{"embeddable":true,"href":"https:\/\/www.trisavo.com\/en\/wp-json\/wp\/v2\/comments?post=145"}],"version-history":[{"count":48,"href":"https:\/\/www.trisavo.com\/en\/wp-json\/wp\/v2\/pages\/145\/revisions"}],"predecessor-version":[{"id":2986,"href":"https:\/\/www.trisavo.com\/en\/wp-json\/wp\/v2\/pages\/145\/revisions\/2986"}],"wp:featuredmedia":[{"embeddable":true,"href":"https:\/\/www.trisavo.com\/en\/wp-json\/wp\/v2\/media\/73"}],"wp:attachment":[{"href":"https:\/\/www.trisavo.com\/en\/wp-json\/wp\/v2\/media?parent=145"}],"curies":[{"name":"wp","href":"https:\/\/api.w.org\/{rel}","templated":true}]}}